{"id":2,"date":"2021-04-15T08:18:31","date_gmt":"2021-04-15T06:18:31","guid":{"rendered":"http:\/\/serwer2038463.home.pl\/?page_id=2"},"modified":"2021-06-05T10:25:22","modified_gmt":"2021-06-05T08:25:22","slug":"przykladowa-strona","status":"publish","type":"page","link":"https:\/\/arbormundi.pl\/","title":{"rendered":"Strona g\u0142\u00f3wna"},"content":{"rendered":"\t\t<div data-elementor-type=\"wp-page\" data-elementor-id=\"2\" class=\"elementor elementor-2\" data-elementor-settings=\"[]\">\n\t\t\t\t\t\t<div class=\"elementor-inner\">\n\t\t\t\t\t\t\t<div class=\"elementor-section-wrap\">\n\t\t\t\t\t\t\t<section class=\"elementor-section elementor-top-section elementor-element elementor-element-c759c0f elementor-section-full_width elementor-section-stretched elementor-section-height-default elementor-section-height-default\" data-id=\"c759c0f\" data-element_type=\"section\" data-settings=\"{&quot;stretch_section&quot;:&quot;section-stretched&quot;,&quot;background_background&quot;:&quot;classic&quot;}\">\n\t\t\t\t\t\t<div class=\"elementor-container elementor-column-gap-default\">\n\t\t\t\t\t\t\t<div class=\"elementor-row\">\n\t\t\t\t\t<div class=\"elementor-column elementor-col-50 elementor-top-column elementor-element elementor-element-c69f7f9\" data-id=\"c69f7f9\" data-element_type=\"column\">\n\t\t\t<div class=\"elementor-column-wrap elementor-element-populated\">\n\t\t\t\t\t\t\t<div class=\"elementor-widget-wrap\">\n\t\t\t\t\t\t<div class=\"elementor-element elementor-element-1129cbd elementor-grid-1 elementor-posts--thumbnail-left elementor-grid-tablet-2 elementor-grid-mobile-1 elementor-widget elementor-widget-posts\" data-id=\"1129cbd\" data-element_type=\"widget\" data-settings=\"{&quot;classic_columns&quot;:&quot;1&quot;,&quot;classic_row_gap&quot;:{&quot;unit&quot;:&quot;px&quot;,&quot;size&quot;:82,&quot;sizes&quot;:[]},&quot;classic_columns_tablet&quot;:&quot;2&quot;,&quot;classic_columns_mobile&quot;:&quot;1&quot;}\" data-widget_type=\"posts.classic\">\n\t\t\t\t<div class=\"elementor-widget-container\">\n\t\t\t\t\t<div class=\"elementor-posts-container elementor-posts elementor-posts--skin-classic elementor-grid\">\n\t\t\t\t<article class=\"elementor-post elementor-grid-item post-898 post type-post status-publish format-standard has-post-thumbnail hentry category-mity-i-symbole category-o-blogu\">\n\t\t\t\t<a class=\"elementor-post__thumbnail__link\" href=\"https:\/\/arbormundi.pl\/?p=898\" >\n\t\t\t<div class=\"elementor-post__thumbnail\"><img loading=\"lazy\" decoding=\"async\" width=\"1168\" height=\"827\" src=\"https:\/\/arbormundi.pl\/wp-content\/uploads\/2021\/06\/Karmiaca-bogini-w-Drzewie.-Muzeum-w-Berlinie-kartka-pocztowa-zbiory-prywatne.jpg\" class=\"attachment-full size-full\" alt=\"\" srcset=\"https:\/\/arbormundi.pl\/wp-content\/uploads\/2021\/06\/Karmiaca-bogini-w-Drzewie.-Muzeum-w-Berlinie-kartka-pocztowa-zbiory-prywatne.jpg 1168w, https:\/\/arbormundi.pl\/wp-content\/uploads\/2021\/06\/Karmiaca-bogini-w-Drzewie.-Muzeum-w-Berlinie-kartka-pocztowa-zbiory-prywatne-300x212.jpg 300w, https:\/\/arbormundi.pl\/wp-content\/uploads\/2021\/06\/Karmiaca-bogini-w-Drzewie.-Muzeum-w-Berlinie-kartka-pocztowa-zbiory-prywatne-1024x725.jpg 1024w, https:\/\/arbormundi.pl\/wp-content\/uploads\/2021\/06\/Karmiaca-bogini-w-Drzewie.-Muzeum-w-Berlinie-kartka-pocztowa-zbiory-prywatne-768x544.jpg 768w\" sizes=\"auto, (max-width: 1168px) 100vw, 1168px\" \/><\/div>\n\t\t<\/a>\n\t\t\t\t<div class=\"elementor-post__text\">\n\t\t\t\t<h3 class=\"elementor-post__title\">\n\t\t\t<a href=\"https:\/\/arbormundi.pl\/?p=898\" >\n\t\t\t\tDrzewo \u017bycia w mitach staro\u017cytnych\t\t\t<\/a>\n\t\t<\/h3>\n\t\t\t\t<div class=\"elementor-post__meta-data\">\n\t\t\t\t\t<span class=\"elementor-post-date\">\n\t\t\t23 czerwca 2021\t\t<\/span>\n\t\t\t\t<\/div>\n\t\t\t\t<div class=\"elementor-post__excerpt\">\n\t\t\t<p>Drzewo \u017bycia to jeden z podstawowych mitologem\u00f3w wielu kultur \u015bwiata. Nie jest zatem mo\u017cliwe opisa\u0107 go w kr\u00f3tkim szkicu, dlatego te\u017c poprzestaniemy na pr\u00f3bie zmierzenia si\u0119 tylko z jednym aspektem tego motywu &#8211; mianowicie z aspektem Drzewa \u017bycia jako drzewa karmi\u0105cego. To i tak szeroki temat, a jeszcze, mimo uczynionego zastrze\u017cenia, par\u0119 s\u0142\u00f3w trzeba powiedzie\u0107 o najszerszych konotacjach zwi\u0105zanych z obrazem mitycznego Drzewa. Drzewo \u017bycia jest zwi\u0105zane z tymi opowie\u015bciami mitycznymi, kt\u00f3re uwypuklaj\u0105 sferyczn\u0105 budow\u0119 kosmosu z jego podstawowymi trzema strefami: niebiosami, \u015bwiatem ziemskim i wreszcie podziemiem, kt\u00f3re &#8211; wertykalnie rzecz ujmuj\u0105c &#8211; odpowiadaj\u0105 konarom, pniowi i korzeniom kosmicznego Drzewa.<\/p>\n\t\t<\/div>\n\t\t\t\t\t<a class=\"elementor-post__read-more\" href=\"https:\/\/arbormundi.pl\/?p=898\" >\n\t\t\t\tCzytaj wi\u0119cej \u00bb\t\t\t<\/a>\n\t\t\t\t<\/div>\n\t\t\t\t<\/article>\n\t\t\t\t<article class=\"elementor-post elementor-grid-item post-685 post type-post status-publish format-standard has-post-thumbnail hentry category-jaworowi-ludzie category-o-blogu\">\n\t\t\t\t<a class=\"elementor-post__thumbnail__link\" href=\"https:\/\/arbormundi.pl\/?p=685\" >\n\t\t\t<div class=\"elementor-post__thumbnail\"><img loading=\"lazy\" decoding=\"async\" width=\"530\" height=\"800\" src=\"https:\/\/arbormundi.pl\/wp-content\/uploads\/2021\/06\/Godziszow-wielki-jawor.jpg\" class=\"attachment-full size-full\" alt=\"\" srcset=\"https:\/\/arbormundi.pl\/wp-content\/uploads\/2021\/06\/Godziszow-wielki-jawor.jpg 530w, https:\/\/arbormundi.pl\/wp-content\/uploads\/2021\/06\/Godziszow-wielki-jawor-199x300.jpg 199w\" sizes=\"auto, (max-width: 530px) 100vw, 530px\" \/><\/div>\n\t\t<\/a>\n\t\t\t\t<div class=\"elementor-post__text\">\n\t\t\t\t<h3 class=\"elementor-post__title\">\n\t\t\t<a href=\"https:\/\/arbormundi.pl\/?p=685\" >\n\t\t\t\tJaworowi ludzie\t\t\t<\/a>\n\t\t<\/h3>\n\t\t\t\t<div class=\"elementor-post__meta-data\">\n\t\t\t\t\t<span class=\"elementor-post-date\">\n\t\t\t15 czerwca 2021\t\t<\/span>\n\t\t\t\t<\/div>\n\t\t\t\t<div class=\"elementor-post__excerpt\">\n\t\t\t<p>Jaworowi ludzie to tytu\u0142 mojej powie\u015bci, kt\u00f3rej bohaterami s\u0105 ludzie niegdy\u015b \u2013 w \u015bredniowieczu \u2013 zamieszkuj\u0105cy nasz kawa\u0142ek Dolnego \u015al\u0105ska\u2026 Ale jaworowi ludzie to te\u017c postacie pojawiaj\u0105ce si\u0119 w znanej na \u015al\u0105sku piosence zaczynaj\u0105cej si\u0119 od s\u0142\u00f3w Jawor, jawor, jaworowi ludzie, co wy tu robicie (wkr\u00f3tce pojawi si\u0119 na blogu m\u00f3j artyku\u0142 analizuj\u0105cy ow\u0105 piosenk\u0119, znan\u0105 mi od dzieci\u0144stwa). Zawsze intrygowa\u0142o mnie, kim s\u0105 owi tajemniczy jaworowi ludzie\u2026 I stopniowo zaczyna\u0142am rozumie\u0107. Aby poj\u0105\u0107 jaworowych ludzi, ich symbolik\u0119 i znaczenie w kulturze tradycyjnej, trzeba nakre\u015bli\u0107 kontekst &#8211; zatem zaczn\u0119 od dw\u00f3ch pot\u0119\u017cnych, archetypowych symboli, obecnych w wielu, je\u015bli nie we<\/p>\n\t\t<\/div>\n\t\t\t\t\t<a class=\"elementor-post__read-more\" href=\"https:\/\/arbormundi.pl\/?p=685\" >\n\t\t\t\tCzytaj wi\u0119cej \u00bb\t\t\t<\/a>\n\t\t\t\t<\/div>\n\t\t\t\t<\/article>\n\t\t\t\t<article class=\"elementor-post elementor-grid-item post-638 post type-post status-publish format-standard hentry category-o-blogu\">\n\t\t\t\t<div class=\"elementor-post__text\">\n\t\t\t\t<h3 class=\"elementor-post__title\">\n\t\t\t<a href=\"https:\/\/arbormundi.pl\/?p=638\" >\n\t\t\t\tArbor mundi\t\t\t<\/a>\n\t\t<\/h3>\n\t\t\t\t<div class=\"elementor-post__meta-data\">\n\t\t\t\t\t<span class=\"elementor-post-date\">\n\t\t\t5 czerwca 2021\t\t<\/span>\n\t\t\t\t<\/div>\n\t\t\t\t<div class=\"elementor-post__excerpt\">\n\t\t\t<p>To nie mia\u0142o by\u0107 tak\u2026 Dawno, dawno temu zebrane artyku\u0142y, pisane przeze mnie od \u0107wier\u0107 wieku i nieraz publikowane, najpierw w czasopi\u015bmie \u201eNie z tej Ziemi\u201d, potem np. w periodyku \u201eTytu\u0142\u201d i \u201eAlbo-Albo. Problemy Psychologii i Kultury\u201d, a tak\u017ce do dzi\u015b \u201ewisz\u0105ce\u201d na portalu racjonalista.pl. , z kt\u00f3rym mam zaszczyt wsp\u00f3\u0142pracowa\u0107, zamierza\u0142am wyda\u0107 w formie papierowej. C\u00f3\u017c, \u015bwiat jednak coraz mniej czyta \u201epapierowo\u201d, coraz bardziej wirtualnie. Zatem pad\u0142 pomys\u0142 bloga. Min\u0119\u0142o od tamtej chwili \u0142adnych par\u0119 lat, zaj\u0119ta czym\u015b innym \u2013 np. studiami etnologicznymi, p\u00f3\u017aniej pisaniem powie\u015bci &#8211; niemal o pomy\u015ble zapomnia\u0142am. Ale wydarzy\u0142o si\u0119 co\u015b, co sk\u0142oni\u0142o mnie do<\/p>\n\t\t<\/div>\n\t\t\t\t\t<a class=\"elementor-post__read-more\" href=\"https:\/\/arbormundi.pl\/?p=638\" >\n\t\t\t\tCzytaj wi\u0119cej \u00bb\t\t\t<\/a>\n\t\t\t\t<\/div>\n\t\t\t\t<\/article>\n\t\t\t\t<\/div>\n\t\t\t\t<\/div>\n\t\t\t\t<\/div>\n\t\t\t\t\t\t<\/div>\n\t\t\t\t\t<\/div>\n\t\t<\/div>\n\t\t\t\t<div class=\"elementor-column elementor-col-50 elementor-top-column elementor-element elementor-element-dac7729\" data-id=\"dac7729\" data-element_type=\"column\">\n\t\t\t<div class=\"elementor-column-wrap elementor-element-populated\">\n\t\t\t\t\t\t\t<div class=\"elementor-widget-wrap\">\n\t\t\t\t\t\t<div class=\"elementor-element elementor-element-edb9303 elementor-grid-1 elementor-posts--thumbnail-none elementor-grid-tablet-2 elementor-grid-mobile-1 elementor-card-shadow-yes elementor-posts__hover-gradient elementor-widget elementor-widget-posts\" data-id=\"edb9303\" data-element_type=\"widget\" data-settings=\"{&quot;cards_columns&quot;:&quot;1&quot;,&quot;cards_row_gap&quot;:{&quot;unit&quot;:&quot;px&quot;,&quot;size&quot;:3,&quot;sizes&quot;:[]},&quot;cards_columns_tablet&quot;:&quot;2&quot;,&quot;cards_columns_mobile&quot;:&quot;1&quot;}\" data-widget_type=\"posts.cards\">\n\t\t\t\t<div class=\"elementor-widget-container\">\n\t\t\t\t\t<div class=\"elementor-posts-container elementor-posts elementor-posts--skin-cards elementor-grid\">\n\t\t\t\t<article class=\"elementor-post elementor-grid-item post-3947 post type-post status-publish format-standard has-post-thumbnail hentry category-bez-kategorii category-mity-i-symbole\">\n\t\t\t<div class=\"elementor-post__card\">\n\t\t\t\t<div class=\"elementor-post__text\">\n\t\t\t\t<h1 class=\"elementor-post__title\">\n\t\t\t<a href=\"https:\/\/arbormundi.pl\/?p=3947\" >\n\t\t\t\tSymbol w\u0119\u017ca \u2013 od w\u00f3d Prapocz\u0105tku po symbol uleczenia\t\t\t<\/a>\n\t\t<\/h1>\n\t\t\t\t<\/div>\n\t\t\t\t\t<\/div>\n\t\t<\/article>\n\t\t\t\t<article class=\"elementor-post elementor-grid-item post-3943 post type-post status-publish format-standard has-post-thumbnail hentry category-swiaty-starozytne\">\n\t\t\t<div class=\"elementor-post__card\">\n\t\t\t\t<div class=\"elementor-post__text\">\n\t\t\t\t<h1 class=\"elementor-post__title\">\n\t\t\t<a href=\"https:\/\/arbormundi.pl\/?p=3943\" >\n\t\t\t\tMinos \u2013 jeden czy wielu? \u00a0Od prawieku do katastrofy na Santorynie. Cz I\t\t\t<\/a>\n\t\t<\/h1>\n\t\t\t\t<\/div>\n\t\t\t\t\t<\/div>\n\t\t<\/article>\n\t\t\t\t<article class=\"elementor-post elementor-grid-item post-3933 post type-post status-publish format-standard has-post-thumbnail hentry category-duchowosc-feministyczna\">\n\t\t\t<div class=\"elementor-post__card\">\n\t\t\t\t<div class=\"elementor-post__text\">\n\t\t\t\t<h1 class=\"elementor-post__title\">\n\t\t\t<a href=\"https:\/\/arbormundi.pl\/?p=3933\" >\n\t\t\t\tStara Europa, czyli panowanie Wielkiej Bogini. Cz\u0119\u015b\u0107 I \u2013 teoria M. Gimbutas\t\t\t<\/a>\n\t\t<\/h1>\n\t\t\t\t<\/div>\n\t\t\t\t\t<\/div>\n\t\t<\/article>\n\t\t\t\t<article class=\"elementor-post elementor-grid-item post-3883 post type-post status-publish format-standard has-post-thumbnail hentry category-swiaty-starozytne\">\n\t\t\t<div class=\"elementor-post__card\">\n\t\t\t\t<div class=\"elementor-post__text\">\n\t\t\t\t<h1 class=\"elementor-post__title\">\n\t\t\t<a href=\"https:\/\/arbormundi.pl\/?p=3883\" >\n\t\t\t\tPodobie\u0144stwa&nbsp; \u201ena pierwszy rzut oka\u201d \u2013 przypadek, zapo\u017cyczenie czy wsp\u00f3lne \u017ar\u00f3d\u0142o?\t\t\t<\/a>\n\t\t<\/h1>\n\t\t\t\t<\/div>\n\t\t\t\t\t<\/div>\n\t\t<\/article>\n\t\t\t\t<article class=\"elementor-post elementor-grid-item post-3847 post type-post status-publish format-standard has-post-thumbnail hentry category-mity-i-symbole\">\n\t\t\t<div class=\"elementor-post__card\">\n\t\t\t\t<div class=\"elementor-post__text\">\n\t\t\t\t<h1 class=\"elementor-post__title\">\n\t\t\t<a href=\"https:\/\/arbormundi.pl\/?p=3847\" >\n\t\t\t\tCykl Mity gwiezdne. Cz. I. Jak na g\u00f3rze, tak i na dole\t\t\t<\/a>\n\t\t<\/h1>\n\t\t\t\t<\/div>\n\t\t\t\t\t<\/div>\n\t\t<\/article>\n\t\t\t\t<article class=\"elementor-post elementor-grid-item post-3824 post type-post status-publish format-standard has-post-thumbnail hentry category-mity-i-symbole\">\n\t\t\t<div class=\"elementor-post__card\">\n\t\t\t\t<div class=\"elementor-post__text\">\n\t\t\t\t<h1 class=\"elementor-post__title\">\n\t\t\t<a href=\"https:\/\/arbormundi.pl\/?p=3824\" >\n\t\t\t\tPraocean i motyw sk\u00f3rzanego buk\u0142aka\t\t\t<\/a>\n\t\t<\/h1>\n\t\t\t\t<\/div>\n\t\t\t\t\t<\/div>\n\t\t<\/article>\n\t\t\t\t<\/div>\n\t\t\t\t<nav class=\"elementor-pagination\" role=\"navigation\" aria-label=\"Pagination\">\n\t\t\t<span aria-current=\"page\" class=\"page-numbers current\"><span class=\"elementor-screen-only\">Page<\/span>1<\/span>\n<a class=\"page-numbers\" href=\"https:\/\/arbormundi.pl\/index.php\/?paged=2&#038;rest_route=%2Fwp%2Fv2%2Fpages%2F2\"><span class=\"elementor-screen-only\">Page<\/span>2<\/a>\n<a class=\"page-numbers\" href=\"https:\/\/arbormundi.pl\/index.php\/?paged=3&#038;rest_route=%2Fwp%2Fv2%2Fpages%2F2\"><span class=\"elementor-screen-only\">Page<\/span>3<\/a>\n<a class=\"page-numbers\" href=\"https:\/\/arbormundi.pl\/index.php\/?paged=4&#038;rest_route=%2Fwp%2Fv2%2Fpages%2F2\"><span class=\"elementor-screen-only\">Page<\/span>4<\/a>\n<a class=\"page-numbers\" href=\"https:\/\/arbormundi.pl\/index.php\/?paged=5&#038;rest_route=%2Fwp%2Fv2%2Fpages%2F2\"><span class=\"elementor-screen-only\">Page<\/span>5<\/a>\t\t<\/nav>\n\t\t\t\t<\/div>\n\t\t\t\t<\/div>\n\t\t\t\t\t\t<\/div>\n\t\t\t\t\t<\/div>\n\t\t<\/div>\n\t\t\t\t\t\t\t\t<\/div>\n\t\t\t\t\t<\/div>\n\t\t<\/section>\n\t\t\t\t\t\t<\/div>\n\t\t\t\t\t\t<\/div>\n\t\t\t\t\t<\/div>\n\t\t","protected":false},"excerpt":{"rendered":"","protected":false},"author":1,"featured_media":0,"parent":0,"menu_order":0,"comment_status":"closed","ping_status":"open","template":"","meta":{"footnotes":""},"class_list":["post-2","page","type-page","status-publish","hentry"],"_links":{"self":[{"href":"https:\/\/arbormundi.pl\/index.php?rest_route=\/wp\/v2\/pages\/2","targetHints":{"allow":["GET"]}}],"collection":[{"href":"https:\/\/arbormundi.pl\/index.php?rest_route=\/wp\/v2\/pages"}],"about":[{"href":"https:\/\/arbormundi.pl\/index.php?rest_route=\/wp\/v2\/types\/page"}],"author":[{"embeddable":true,"href":"https:\/\/arbormundi.pl\/index.php?rest_route=\/wp\/v2\/users\/1"}],"replies":[{"embeddable":true,"href":"https:\/\/arbormundi.pl\/index.php?rest_route=%2Fwp%2Fv2%2Fcomments&post=2"}],"version-history":[{"count":49,"href":"https:\/\/arbormundi.pl\/index.php?rest_route=\/wp\/v2\/pages\/2\/revisions"}],"predecessor-version":[{"id":636,"href":"https:\/\/arbormundi.pl\/index.php?rest_route=\/wp\/v2\/pages\/2\/revisions\/636"}],"wp:attachment":[{"href":"https:\/\/arbormundi.pl\/index.php?rest_route=%2Fwp%2Fv2%2Fmedia&parent=2"}],"curies":[{"name":"wp","href":"https:\/\/api.w.org\/{rel}","templated":true}]}}